{"id":80,"date":"2018-07-27T14:31:20","date_gmt":"2018-07-27T14:31:20","guid":{"rendered":"http:\/\/www.endpin.eu\/?page_id=80"},"modified":"2022-02-24T15:30:53","modified_gmt":"2022-02-24T15:30:53","slug":"kontakty","status":"publish","type":"page","link":"https:\/\/www.endpin.eu\/index.php\/cs\/kontakty\/","title":{"rendered":"Kontakty"},"content":{"rendered":"<h3><span style=\"font-family: times new roman, times;\"><strong>S\u00eddlo firmy <\/strong><\/span><\/h3>\n<p><span style=\"font-family: 'times new roman', times;\"><span style=\"background-color: #ffffff;\" data-mce-mark=\"1\">LL spol. s r.o.<br \/>\n<\/span><span style=\"background-color: #ffffff;\" data-mce-mark=\"1\">B\u011blohorsk\u00e1 493\/63<br \/>\n<span data-mce-mark=\"1\">(vchod z ulice Z\u00fa\u017een\u00e1)<\/span><br \/>\n169 00 Praha 6<br \/>\n<\/span><span style=\"background-color: #ffffff;\" data-mce-mark=\"1\">\u010cesk\u00e1 republika<br \/>\n<\/span><span style=\"background-color: #ffffff;\" data-mce-mark=\"1\">Tel: +420 235366410<br \/>\nTel: +420 220610125<br \/>\nFax: +420 235301582<br \/>\nMobil: +420 608254013<br \/>\n<\/span><span style=\"background-color: #ffffff;\" data-mce-mark=\"1\">Mobil: +420 777254012-13<br \/>\n<\/span><span style=\"background-color: #ffffff;\" data-mce-mark=\"1\">e-mail: info @ (- zavin\u00e1\u010d) endpin <\/span><span style=\"background-color: #ffffff;\" data-mce-mark=\"1\">.(- te\u010dka) eu<br \/>\n<\/span><a href=\"http:\/\/llcomp.cz\">www.llcomp.cz<\/a><\/span><br \/>\n<span style=\"font-family: 'times new roman', times;\"> <span style=\"background-color: #ffffff;\" data-mce-mark=\"1\">I\u010cO: 45313466<\/span><span style=\"background-color: #ffffff;\" data-mce-mark=\"1\"><br \/>\n<\/span><span style=\"background-color: #ffffff;\" data-mce-mark=\"1\">DI\u010c: CZ45313466<\/span><\/span><\/p>\n<p><iframe style=\"border: none;\" src=\"https:\/\/api.mapy.cz\/frame?params=%7B%22x%22%3A14.371250706811026%2C%22y%22%3A50.083742723869406%2C%22base%22%3A%221%22%2C%22layers%22%3A%5B%5D%2C%22zoom%22%3A17%2C%22url%22%3A%22https%3A%2F%2Fmapy.cz%2Fs%2F1vIit%22%2C%22mark%22%3A%7B%22x%22%3A%2214.371250706811026%22%2C%22y%22%3A%2250.083742723869406%22%2C%22title%22%3A%22B%C4%9Blohorsk%C3%A1%20493%2F63%2C%20Praha%22%7D%2C%22overview%22%3Atrue%7D&amp;width=400&amp;height=280&amp;lang=cs\" width=\"400\" height=\"280\" frameborder=\"0\"><\/iframe><br \/>\n<span style=\"color: #003366;\">GPS sou\u0159adnice: 50.0934181N, 14.3814839E<\/span><\/p>\n","protected":false},"excerpt":{"rendered":"<p>S\u00eddlo firmy LL spol. s r.o. B\u011blohorsk\u00e1 493\/63 (vchod z ulice Z\u00fa\u017een\u00e1) 169 00 Praha 6 \u010cesk\u00e1 republika Tel: +420 235366410 Tel: +420 220610125 Fax: +420 235301582 Mobil: +420 608254013 Mobil: +420 777254012-13 e-mail: info @ (- zavin\u00e1\u010d) endpin .(- te\u010dka) eu www.llcomp.cz I\u010cO: 45313466 DI\u010c: CZ45313466 GPS sou\u0159adnice: 50.0934181N, 14.3814839E<\/p>\n","protected":false},"author":1,"featured_media":0,"parent":0,"menu_order":0,"comment_status":"closed","ping_status":"closed","template":"","meta":{"footnotes":""},"class_list":["post-80","page","type-page","status-publish","hentry"],"_links":{"self":[{"href":"https:\/\/www.endpin.eu\/index.php\/wp-json\/wp\/v2\/pages\/80","targetHints":{"allow":["GET"]}}],"collection":[{"href":"https:\/\/www.endpin.eu\/index.php\/wp-json\/wp\/v2\/pages"}],"about":[{"href":"https:\/\/www.endpin.eu\/index.php\/wp-json\/wp\/v2\/types\/page"}],"author":[{"embeddable":true,"href":"https:\/\/www.endpin.eu\/index.php\/wp-json\/wp\/v2\/users\/1"}],"replies":[{"embeddable":true,"href":"https:\/\/www.endpin.eu\/index.php\/wp-json\/wp\/v2\/comments?post=80"}],"version-history":[{"count":5,"href":"https:\/\/www.endpin.eu\/index.php\/wp-json\/wp\/v2\/pages\/80\/revisions"}],"predecessor-version":[{"id":265,"href":"https:\/\/www.endpin.eu\/index.php\/wp-json\/wp\/v2\/pages\/80\/revisions\/265"}],"wp:attachment":[{"href":"https:\/\/www.endpin.eu\/index.php\/wp-json\/wp\/v2\/media?parent=80"}],"curies":[{"name":"wp","href":"https:\/\/api.w.org\/{rel}","templated":true}]}}