{"id":78,"date":"2018-07-27T14:26:57","date_gmt":"2018-07-27T14:26:57","guid":{"rendered":"http:\/\/www.endpin.eu\/?page_id=78"},"modified":"2018-07-27T14:26:57","modified_gmt":"2018-07-27T14:26:57","slug":"o-firme","status":"publish","type":"page","link":"https:\/\/www.endpin.eu\/index.php\/cs\/o-firme\/","title":{"rendered":"O firm\u011b"},"content":{"rendered":"<div class=\"entry-content\">\n<p><b>\u00dadaje o firm\u011b<br \/>\n<\/b><\/p>\n<p>LL spol. s r.o. je zaps\u00e1na v obchodn\u00edm rejst\u0159\u00edku veden\u00e9m M\u011bstsk\u00fdm soudem v Praze, odd\u00edl C, vlo\u017eka 7667, od 4. b\u0159ezna 1992. I\u010cO 45313466, DI\u010c CZ45313466<br \/>\nFirma s\u00eddl\u00ed na adrese: B\u011blohorsk\u00e1 493\/63, Praha 6, PS\u010c 169 00. Provozovny varny a kovov\u00fdroby jsou v Sob\u011bslavi, Ra\u0161\u00ednova 422, PS\u010c 392 01. Spole\u010dnost zam\u011bstn\u00e1v\u00e1 20 lid\u00ed. Obrat firmy se pohybuje mezi 20 a 40 miliony K\u010d ro\u010dn\u011b.<\/p>\n<table border=\"0\" width=\"580\" cellspacing=\"0\" cellpadding=\"0\">\n<tbody>\n<tr>\n<td align=\"left\" valign=\"top\" width=\"14\"><\/td>\n<td align=\"left\" valign=\"top\"><\/td>\n<\/tr>\n<\/tbody>\n<\/table>\n<p>&nbsp;<\/p>\n<\/div>\n","protected":false},"excerpt":{"rendered":"<p>\u00dadaje o firm\u011b LL spol. s r.o. je zaps\u00e1na v obchodn\u00edm rejst\u0159\u00edku veden\u00e9m M\u011bstsk\u00fdm soudem v Praze, odd\u00edl C, vlo\u017eka 7667, od 4. b\u0159ezna 1992. I\u010cO 45313466, DI\u010c CZ45313466 Firma s\u00eddl\u00ed na adrese: B\u011blohorsk\u00e1 493\/63, Praha 6, PS\u010c 169 00. Provozovny varny a kovov\u00fdroby jsou v Sob\u011bslavi, Ra\u0161\u00ednova 422, PS\u010c 392 01. Spole\u010dnost zam\u011bstn\u00e1v\u00e1 20 lid\u00ed. Obrat firmy se pohybuje mezi 20 a 40 miliony K\u010d ro\u010dn\u011b. &nbsp;<\/p>\n","protected":false},"author":1,"featured_media":0,"parent":0,"menu_order":0,"comment_status":"closed","ping_status":"closed","template":"","meta":{"footnotes":""},"class_list":["post-78","page","type-page","status-publish","hentry"],"_links":{"self":[{"href":"https:\/\/www.endpin.eu\/index.php\/wp-json\/wp\/v2\/pages\/78","targetHints":{"allow":["GET"]}}],"collection":[{"href":"https:\/\/www.endpin.eu\/index.php\/wp-json\/wp\/v2\/pages"}],"about":[{"href":"https:\/\/www.endpin.eu\/index.php\/wp-json\/wp\/v2\/types\/page"}],"author":[{"embeddable":true,"href":"https:\/\/www.endpin.eu\/index.php\/wp-json\/wp\/v2\/users\/1"}],"replies":[{"embeddable":true,"href":"https:\/\/www.endpin.eu\/index.php\/wp-json\/wp\/v2\/comments?post=78"}],"version-history":[{"count":1,"href":"https:\/\/www.endpin.eu\/index.php\/wp-json\/wp\/v2\/pages\/78\/revisions"}],"predecessor-version":[{"id":79,"href":"https:\/\/www.endpin.eu\/index.php\/wp-json\/wp\/v2\/pages\/78\/revisions\/79"}],"wp:attachment":[{"href":"https:\/\/www.endpin.eu\/index.php\/wp-json\/wp\/v2\/media?parent=78"}],"curies":[{"name":"wp","href":"https:\/\/api.w.org\/{rel}","templated":true}]}}