{"id":73,"date":"2018-07-27T14:10:19","date_gmt":"2018-07-27T14:10:19","guid":{"rendered":"http:\/\/www.endpin.eu\/?page_id=73"},"modified":"2018-07-30T14:30:49","modified_gmt":"2018-07-30T14:30:49","slug":"rezonancni-bodec-pro-violoncello-3","status":"publish","type":"page","link":"https:\/\/www.endpin.eu\/index.php\/cs\/rezonancni-bodec-pro-violoncello-3\/","title":{"rendered":"Rezonan\u010dn\u00ed bodec pro violoncello"},"content":{"rendered":"<h4>Skv\u011bl\u00fd zp\u016fsob, jak zlep\u0161it zvuk Va\u0161eho n\u00e1stroje<\/h4>\n<p><img decoding=\"async\" class=\"alignnone size-medium wp-image-86\" src=\"http:\/\/www.endpin.eu\/wp-content\/uploads\/2018\/07\/Bodce-300x73.png\" alt=\"\" width=\"300\" height=\"73\" \/><\/p>\n<p>\u201eT\u00f3n m\u00e9ho violoncella se stal je\u0161t\u011b kulat\u011bj\u0161\u00ed, bohat\u0161\u00ed a barevn\u011bj\u0161\u00ed, jako bych m\u011bl v ruce lep\u0161\u00ed smy\u010dec\u201c, popsal sv\u016fj pocit po prvn\u00edm testu Marek Jerie (violoncellista Guarneri Tria Praha).<br \/>\nVe spolupr\u00e1ci s \u010desk\u00fdmi housla\u0159i a violoncellisty jsme vyvinuli bodec z modern\u00edho materi\u00e1lu &#8211; uhl\u00edkov\u00e9ho vl\u00e1kna. Je stabiln\u00ed, elegantn\u00ed a jeho atypicky tvarovan\u00e1 nerezov\u00e1 \u0161pi\u010dka se d\u00e1 jednodu\u0161e vym\u011bnit. Ty\u010dka bodce v\u00e1\u017e\u00ed pouze 48 g.<br \/>\nNab\u00edz\u00edme bodce s vrtan\u00fdmi otvory, se kter\u00fdmi m\u016f\u017eete ovlivnit zvuk sv\u00e9ho n\u00e1stroje podle vlastn\u00ed p\u0159edstavy zes\u00edlen\u00edm, \u010di roz\u0161\u00ed\u0159en\u00edm t\u00f3nu va\u0161eho violoncella. Doporu\u010dujeme a nab\u00edz\u00edme mo\u017enost vyzkou\u0161et bodce r\u016fzn\u00fdch typ\u016f.<br \/>\nVelk\u00fd vliv na vylep\u0161en\u00ed zvuku n\u00e1stroje maj\u00ed otvory vyvrtan\u00e9 do dut\u00e9ho bodce dle z\u00e1sad akustick\u00fdch uzl\u016f. Bodec d\u00edky otvor\u016fm z\u00edsk\u00e1 zv\u00fd\u0161en\u00e9 resonan\u010dn\u00ed vlastnosti, ani\u017e by byla ohro\u017eena jeho pevnost astabilita.<\/p>\n<ul>\n<li>D\u00edry 3 mm \u2013 zvuk violoncella se zv\u011bt\u0161\u00ed a rozjasn\u00ed a neztrat\u00ed barvu<\/li>\n<li>D\u00edry 4 mm \u2013 vhodn\u00e9 pro star\u0161\u00ed n\u00e1stroje, kter\u00e9 maj\u00ed barvu zvuku a pot\u0159ebuj\u00ed v\u00edce zvuku<\/li>\n<li>D\u00edry 5 mm \u2013 vhodn\u00e9 pro historick\u00e9 n\u00e1stroje. V p\u0159\u00edpad\u011b nov\u00fdch instrument\u016f se m\u016f\u017ee st\u00e1t, \u017ee s\u00edla zvuku ubere na barv\u011b.<\/li>\n<\/ul>\n<h4>Standardn\u00ed rozm\u011bry \u010depu:<\/h4>\n<p>\u2205 26,0 \/ 28,3 mm<br \/>\n\u2205 25,0 \/ 27,3 mm<br \/>\n\u2205 24,0 \/ 26,3 mm<br \/>\n\u2205 23,1 \/ 25,4 mm<\/p>\n<h4>Kompletn\u00ed bodec se skl\u00e1d\u00e1 z n\u00e1sleduj\u00edc\u00edch \u010d\u00e1st\u00ed:<\/h4>\n<p>1 \u010dep z polyamidov\u00e9ho vl\u00e1kna, 1 polyamidov\u00e1 matice s hlin\u00edkovou nebo kovovou podlo\u017ekou, 1 kovov\u00e1 mechanika na zadr\u017een bodce, 1 vyztu\u017een\u00e1 trubice z uhl\u00edkov\u00e9ho vl\u00e1kna, 1 nerezov\u00e1 \u0161pi\u010dka s\u00a0p\u00e9rovou podlo\u017ekou.<\/p>\n<p><a href=\"http:\/\/www.endpin.eu\/wp-content\/uploads\/2018\/07\/Bodec-CZd\u00edry.pdf\">Verze pro tisk<\/a><\/p>\n","protected":false},"excerpt":{"rendered":"<p>Skv\u011bl\u00fd zp\u016fsob, jak zlep\u0161it zvuk Va\u0161eho n\u00e1stroje \u201eT\u00f3n m\u00e9ho violoncella se stal je\u0161t\u011b kulat\u011bj\u0161\u00ed, bohat\u0161\u00ed a barevn\u011bj\u0161\u00ed, jako bych m\u011bl v ruce lep\u0161\u00ed smy\u010dec\u201c, popsal sv\u016fj pocit po prvn\u00edm testu Marek Jerie (violoncellista Guarneri Tria Praha). Ve spolupr\u00e1ci s \u010desk\u00fdmi housla\u0159i a violoncellisty jsme vyvinuli bodec z modern\u00edho materi\u00e1lu &#8211; uhl\u00edkov\u00e9ho vl\u00e1kna. Je stabiln\u00ed, elegantn\u00ed a jeho atypicky tvarovan\u00e1 nerezov\u00e1 \u0161pi\u010dka se d\u00e1 jednodu\u0161e vym\u011bnit. Ty\u010dka bodce v\u00e1\u017e\u00ed pouze 48 g. Nab\u00edz\u00edme bodce s vrtan\u00fdmi otvory, se kter\u00fdmi m\u016f\u017eete ovlivnit zvuk sv\u00e9ho n\u00e1stroje podle vlastn\u00ed p\u0159edstavy zes\u00edlen\u00edm, \u010di roz\u0161\u00ed\u0159en\u00edm t\u00f3nu va\u0161eho violoncella. Doporu\u010dujeme a nab\u00edz\u00edme mo\u017enost vyzkou\u0161et bodce r\u016fzn\u00fdch typ\u016f. Velk\u00fd vliv na vylep\u0161en\u00ed zvuku n\u00e1stroje maj\u00ed otvory vyvrtan\u00e9 do dut\u00e9ho bodce dle z\u00e1sad akustick\u00fdch uzl\u016f. Bodec d\u00edky otvor\u016fm z\u00edsk\u00e1 zv\u00fd\u0161en\u00e9 resonan\u010dn\u00ed vlastnosti, ani\u017e by byla ohro\u017eena jeho pevnost astabilita. D\u00edry 3 mm \u2013 zvuk violoncella se zv\u011bt\u0161\u00ed a rozjasn\u00ed a neztrat\u00ed barvu D\u00edry 4 mm \u2013 vhodn\u00e9 pro star\u0161\u00ed n\u00e1stroje, kter\u00e9 maj\u00ed barvu zvuku a pot\u0159ebuj\u00ed v\u00edce zvuku D\u00edry 5 mm \u2013 vhodn\u00e9 pro historick\u00e9 n\u00e1stroje. V p\u0159\u00edpad\u011b nov\u00fdch instrument\u016f se m\u016f\u017ee st\u00e1t, \u017ee s\u00edla zvuku ubere na barv\u011b. Standardn\u00ed rozm\u011bry \u010depu: \u2205 26,0 \/ 28,3 mm \u2205 25,0 \/ 27,3 mm \u2205 24,0 \/ 26,3 mm \u2205 23,1 \/ 25,4 mm Kompletn\u00ed bodec se skl\u00e1d\u00e1 z n\u00e1sleduj\u00edc\u00edch \u010d\u00e1st\u00ed: 1 \u010dep z polyamidov\u00e9ho vl\u00e1kna, 1 polyamidov\u00e1 matice s hlin\u00edkovou nebo kovovou podlo\u017ekou, 1 kovov\u00e1 mechanika na zadr\u017een bodce, 1 vyztu\u017een\u00e1 trubice z uhl\u00edkov\u00e9ho vl\u00e1kna, 1 nerezov\u00e1 \u0161pi\u010dka s\u00a0p\u00e9rovou podlo\u017ekou. Verze pro tisk<\/p>\n","protected":false},"author":1,"featured_media":0,"parent":0,"menu_order":0,"comment_status":"closed","ping_status":"closed","template":"","meta":{"footnotes":""},"class_list":["post-73","page","type-page","status-publish","hentry"],"_links":{"self":[{"href":"https:\/\/www.endpin.eu\/index.php\/wp-json\/wp\/v2\/pages\/73","targetHints":{"allow":["GET"]}}],"collection":[{"href":"https:\/\/www.endpin.eu\/index.php\/wp-json\/wp\/v2\/pages"}],"about":[{"href":"https:\/\/www.endpin.eu\/index.php\/wp-json\/wp\/v2\/types\/page"}],"author":[{"embeddable":true,"href":"https:\/\/www.endpin.eu\/index.php\/wp-json\/wp\/v2\/users\/1"}],"replies":[{"embeddable":true,"href":"https:\/\/www.endpin.eu\/index.php\/wp-json\/wp\/v2\/comments?post=73"}],"version-history":[{"count":3,"href":"https:\/\/www.endpin.eu\/index.php\/wp-json\/wp\/v2\/pages\/73\/revisions"}],"predecessor-version":[{"id":89,"href":"https:\/\/www.endpin.eu\/index.php\/wp-json\/wp\/v2\/pages\/73\/revisions\/89"}],"wp:attachment":[{"href":"https:\/\/www.endpin.eu\/index.php\/wp-json\/wp\/v2\/media?parent=73"}],"curies":[{"name":"wp","href":"https:\/\/api.w.org\/{rel}","templated":true}]}}